{"id":3,"date":"2020-08-14T12:29:35","date_gmt":"2020-08-14T12:29:35","guid":{"rendered":"http:\/\/her-o.si\/?page_id=3"},"modified":"2024-09-26T17:16:17","modified_gmt":"2024-09-26T17:16:17","slug":"privacy-policy","status":"publish","type":"page","link":"https:\/\/her-o.si\/en\/privacy-policy\/","title":{"rendered":"Shop policy"},"content":{"rendered":"<div data-elementor-type=\"wp-page\" data-elementor-id=\"3\" class=\"elementor elementor-3\" data-elementor-settings=\"[]\">\n\t\t\t\t\t\t<div class=\"elementor-inner\">\n\t\t\t\t\t\t\t<div class=\"elementor-section-wrap\">\n\t\t\t\t\t\t\t<section class=\"elementor-section elementor-top-section elementor-element elementor-element-4008ae8d elementor-section-boxed elementor-section-height-default elementor-section-height-default\" data-id=\"4008ae8d\" data-element_type=\"section\">\n\t\t\t\t\t\t<div class=\"elementor-container elementor-column-gap-default\">\n\t\t\t\t\t\t\t<div class=\"elementor-row\">\n\t\t\t\t\t<div class=\"elementor-column elementor-col-100 elementor-top-column elementor-element elementor-element-43f64333\" data-id=\"43f64333\" data-element_type=\"column\">\n\t\t\t<div class=\"elementor-column-wrap elementor-element-populated\">\n\t\t\t\t\t\t\t<div class=\"elementor-widget-wrap\">\n\t\t\t\t\t\t<div class=\"elementor-element elementor-element-4a0f75fb elementor-widget elementor-widget-text-editor\" data-id=\"4a0f75fb\" data-element_type=\"widget\" data-widget_type=\"text-editor.default\">\n\t\t\t\t<div class=\"elementor-widget-container\">\n\t\t\t\t\t<div class=\"elementor-text-editor elementor-clearfix\"><p><!-- wp:heading --><\/p>\n<header>\n<div class=\"flex-shrink-0 flex flex-col relative items-end\">\n<div>\n<div class=\"pt-0\">\n<div class=\"gizmo-bot-avatar flex h-8 w-8 items-center justify-center overflow-hidden rounded-full\">\n<div class=\"relative p-1 rounded-sm flex items-center justify-center bg-token-main-surface-primary text-token-text-primary h-8 w-8\">&nbsp;<\/div>\n<\/div>\n<\/div>\n<\/div>\n<\/div>\n<div class=\"group\/conversation-turn relative flex w-full min-w-0 flex-col agent-turn\">\n<div class=\"flex-col gap-1 md:gap-3\">\n<div class=\"flex max-w-full flex-col flex-grow\">\n<div class=\"text-message flex w-full flex-col items-end gap-2 whitespace-normal break-words [.text-message+&amp;]:mt-5\" dir=\"auto\" data-message-author-role=\"assistant\" data-message-id=\"097de2b8-8900-4093-b46b-4c1854d8fc29\">\n<div class=\"flex w-full flex-col gap-1 empty:hidden first:pt-[3px]\">\n<div class=\"markdown prose w-full break-words dark:prose-invert light\">\n<h1>Splo\u0161ni pogoji spletne trgovine Her-O<\/h1>\n<p><strong>Her-O<\/strong> je spletna trgovina, specializirana za prodajo unikatnih, ro\u010dno izdelanih kerami\u010dnih kipcev. Vsi dizajni, poimenovanja in slike so last ustanoviteljic trgovine.<\/p>\n<h2>1. Splo\u0161ni pogoji<\/h2>\n<p>Kupci spletne trgovine Her-O so lahko fizi\u010dne in pravne osebe. Fizi\u010dna oseba je tista, ki izdelke pridobiva ali uporablja izklju\u010dno za svojo lastno uporabo, izven svoje poklicne ali pridobitne dejavnosti. S prijavo ali nakupom v spletni trgovini Her-O kupec potrjuje, da sprejema pogoje poslovanja, ki jih dolo\u010da Her-O, in zagotavlja pristnost vseh posredovanih podatkov (velja tudi za nakupe dogovorjene preko e-mailov ali telefona).<\/p>\n<p>Fizi\u010dne osebe medsebojne obveznosti urejajo s temi pogoji poslovanja in zakonom o varstvu potro\u0161nikov. Pravne osebe in fizi\u010dne osebe, ki opravljajo pridobitno dejavnost, urejajo svoje obveznosti s posebno pogodbo v pisni obliki. Za pravne osebe in fizi\u010dne osebe, ki bi kupljene izdelke uporabljale v pridobitni dejavnosti, velja zakon o varstvu potro\u0161nikov le v primerih, ko je to posebej navedeno v zakonu. Za sodelovanje s pravnimi osebami in fizi\u010dnimi osebami, ki opravljajo pridobitno dejavnost, nas prosimo kontaktirajte na <strong><a rel=\"noopener\"><span \n                data-original-string=\"DsxTx722Pw8qrfUm2lwD6Q==\"\n                class=\"apbct-email-encoder\"\n                title=\"This contact has been encoded by Anti-Spam by CleanTalk. Click to decode. To finish the decoding make sure that JavaScript is enabled in your browser.\">in**@he***.si<\/span><\/a><\/strong>.<\/p>\n<h2>2. Nakup preko spletne trgovine<\/h2>\n<p>Kupovanje na na\u0161i spletni strani je enostavno. \u017delene izdelke preprosto dodajte v ko\u0161arico in nadaljujte na blagajno, kjer izpolnite svoje podatke ter izberete na\u010din pla\u010dila in dostave. Po opravljenem naro\u010dilu vas bomo obvestili po elektronski po\u0161ti, kjer boste prejeli podatke za pla\u010dilo in predra\u010dun. Ra\u010dun, ki velja kot dokazilo o nakupu, prejmete \u0161ele po potrjenem pla\u010dilu na va\u0161 elektronski naslov.<\/p>\n<p>Vse cene objavljene v spletni trgovini Her-O so kon\u010dne. DDV ni obra\u010dunan v skladu s 1. odstavkom 94. \u010dlena ZDDV\u20131. Cene se lahko spreminjajo brez predhodnega obvestila. Za posamezne nakupe veljajo cene v trenutku oddaje naro\u010dila.<\/p>\n<p>Po\u0161tnina za naro\u010dila se zara\u010duna naknadno, razen v primerih akcije z brezpla\u010dno po\u0161tnino. Pri izbiri pla\u010dila z ban\u010dnim nakazilom ali PayPal ter kreditno\/debetno kartico, vam bo po\u0161tnina dodana v blagajni. \u010ce ste izbrali pla\u010dilo po povzetju, pla\u010date po\u0161tnino ob dostavi. Za morebitne zamude s strani dostavljalca Her-O ne odgovarja.<\/p>\n<p>Popusti na nakupe v spletni trgovini Her-O se ne se\u0161tevajo.<\/p>\n<p>Vsi video posnetki in slike na na\u0161i spletni strani so simboli\u010dni.<\/p>\n<h2>3. Na\u010dini pla\u010dila<\/h2>\n<ul>\n<li>\n<p><strong>Bank transfer<\/strong>: Pla\u010dilo opravite preko ban\u010dnega nakazila (UPN naloga). Va\u0161i izdelki bodo odposlani po opravljenem nakazilu. Podatke za UPN nalog dobite na strani \u00bbPrejeto naro\u010dilo\u00ab ali na va\u0161em e-mailu. \u010ce priliva ne prejmemo v 5 delovnih dneh, lahko naro\u010dilo prekli\u010demo in vas o tem obvestimo.<\/p>\n<\/li>\n<li>\n<p><strong>Pla\u010dilo po povzetju<\/strong>: Naro\u010dene izdelke vam po\u0161ljemo v dogovorjenem roku, pla\u010date pa jih ob dostavi. Pla\u010dilo po povzetju ni mogo\u010de za nekatere izdelke.<\/p>\n<\/li>\n<li>\n<p><strong>PayPal ali pla\u010dilo s kreditno\/debetno kartico<\/strong>: PayPal je storitev za varno pla\u010devanje preko spleta. Po zaklju\u010denem naro\u010dilu boste preusmerjeni na varno povezavo PayPal, kjer se prijavite s svojim e-mailom in geslom. \u010ce nimate PayPal ra\u010duna, lahko varno pla\u010date s svojo kreditno ali debetno kartico.<\/p>\n<\/li>\n<\/ul>\n<p>Pri nakazilu lahko pride do dodatnih stro\u0161kov, odvisnih od ponudnikov storitev, ki jih krije kupec.<\/p>\n<h2>4. Avtorske pravice<\/h2>\n<p>Vse objavljene vsebine, dizajni in imena so last Her-O. Med avtorska dela sodijo vsi deli programske kode, programska arhitektura, grafi\u010dni elementi, slike, besedila, zvo\u010dno in slikovno gradivo ter drugi avtorski elementi, ki jih ni potrebno ozna\u010devati z oznakami avtorsko za\u0161\u010diteno. Vsakr\u0161no kopiranje, navajanje, presnemavanje, posnemanje in raz\u0161irjanje brez vednosti Her-O je prepovedano.<\/p>\n<p>Dobavitelj ali uporabnik z objavo svojih vsebin dovoljuje Her-O ter vsem ostalim ogled teh vsebin brez omejitev.<\/p>\n<h2>5. Izvedba, preklic, sprememba ali zavrnitev naro\u010dila<\/h2>\n<p>Naro\u010dila na spletni strani Her-O bodo odposlana v najkraj\u0161em mo\u017enem \u010dasu. Po opravljenem nakupu boste prejeli potrditveni e-mail s podatki o nakupu in predra\u010dunom. Kupec lahko po opravljenem naro\u010dilu ali pla\u010dilu odpove ali spremeni svoj nakup, \u010de izdelki \u0161e niso bili odposlani. O tem nas \u010dim prej obvestite na <strong><a rel=\"noopener\"><span \n                data-original-string=\"DsxTx722Pw8qrfUm2lwD6Q==\"\n                class=\"apbct-email-encoder\"\n                title=\"This contact has been encoded by Anti-Spam by CleanTalk. Click to decode. To finish the decoding make sure that JavaScript is enabled in your browser.\">in**@he***.si<\/span><\/a><\/strong>. Po odpovedanem nakupu vam vrnemo denar na TRR ali v obliki dobropisa.<\/p>\n<p>Dobavni roki so zapisani v delovnih dneh. V primeru, da izdelka ne moremo dobaviti v navedenem roku, bomo kupca obvestili. Kupec lahko v tem primeru odstopi od pogodbe in prekli\u010de naro\u010dilo. Vsa vnaprej pla\u010dana sredstva vrnemo kupcu.<\/p>\n<p>Due to hygienic reasons, the products cannot be returned or exchanged.<\/p>\n<h2>6. Vra\u010dilo denarja<\/h2>\n<p>Na\u010din vra\u010dila denarja je po dogovoru. V praksi vra\u010damo denar na TRR, razen \u010de ste pla\u010dali preko PayPal, kjer vam vrnemo denar preko tega sistema. \u010ce kupec \u017eeli vra\u010dilo denarja v druga\u010dni obliki, krije stro\u0161ke, ki nastanejo.<\/p>\n<h2>7. Varovanje osebnih podatkov<\/h2>\n<p><strong>General<\/strong>: Trgovec se zavezuje, da bo varoval zaupnost osebnih podatkov in zasebnost uporabnikov spletne trgovine. Zbrane osebne podatke bo uporabljal izklju\u010dno za opravljanje storitev.<\/p>\n<p><strong>Use of personal data<\/strong>: Trgovec zbira, vodi, obdeluje in shranjuje naslednje podatke uporabnikov:<\/p>\n<ul>\n<li>Ime in priimek<\/li>\n<li>Naslove za dostavo<\/li>\n<li>Firmo oz. naziv pravne osebe<\/li>\n<li>Dav\u010dno \u0161tevilko pravne osebe<\/li>\n<li>Naslov elektronske po\u0161te<\/li>\n<li>Geslo v \u0161ifrirani obliki<\/li>\n<li>Kontaktno telefonsko \u0161tevilko<\/li>\n<li>Dr\u017eavo bivanja<\/li>\n<li>Druge podatke, ki jih uporabnik prostovoljno vnese.<\/li>\n<\/ul>\n<p>Za pravilnost, popolnost in a\u017eurnost podatkov, trgovec ne odgovarja.<\/p>\n<p><strong>Izjava o varovanju zaupnosti osebnih podatkov<\/strong>: Trgovec se obvezuje, da ne bo brez izrecnega dovoljenja uporabnika posredoval osebnih podatkov tretjim osebam, razen \u010de to zahtevajo dr\u017eavne oblasti.<\/p>\n<h2>8. Varstvo otrok<\/h2>\n<p>Oglasna sporo\u010dila bodo primerna starosti otrok. Ponudnik ne sme sprejemati naro\u010dil od otrok brez izrecnega dovoljenja njihovih star\u0161ev ali skrbnikov.<\/p>\n<h2>9. Odveza odgovornosti<\/h2>\n<p>Ponudnik se trudi zagotoviti a\u017eurnost in pravilnost podatkov, vendar se lastnosti artiklov, rok dobave ali cena lahko spremenijo. V takem primeru bo ponudnik obvestil kupca o spremembah in omogo\u010dil odstop od naro\u010dila.<\/p>\n<h2>10. Izvajanje politike zasebnosti<\/h2>\n<p>Trgovec ima varovanje osebnih podatkov urejeno s Pravilnikom o zavarovanju osebnih podatkov. Vse zaposlene osebe so seznanjene z dol\u017enostjo varovanja osebnih in drugih podatkov.<\/p>\n<h2>11. Prijava na novice<\/h2>\n<p>Uporabnik se lahko prijavi na e-novice preko povezave na spletni strani ali blagajni. Odjava je mo\u017ena kadarkoli.<\/p>\n<h2>12. Odgovornost za napake<\/h2>\n<p>Potro\u0161nik lahko uveljavlja pravice iz naslova stvarne napake, \u010de o napaki obvesti prodajalca v roku dveh mesecev od dneva, ko je bila napaka odkrita. Prodajalec ne odgovarja za stvarne napake na blagu po preteku dveh let.<\/p>\n<h2>13. Okoljska odgovornost<\/h2>\n<p>Za informacije o recikliranju odpadkov in naprav obi\u0161\u010dite uradne strani.<\/p>\n<h2>14. Spremembe splo\u0161nih pogojev<\/h2>\n<p>Her-O si pridr\u017euje pravico do sprememb teh splo\u0161nih pogojev poslovanja, ki za\u010dnejo veljati takoj po objavi na spletni strani.<\/p>\n<h2>15. Re\u0161evanje sporov<\/h2>\n<p>Za morebitne spore se stranke dogovorijo, da se bodo trudile re\u0161iti morebitne spore sporazumno. \u010ce to ni mo\u017eno, so za re\u0161evanje sporov pristojna sodi\u0161\u010da v Ljubljani.<\/p>\n<\/div>\n<\/div>\n<\/div>\n<\/div>\n<\/div>\n<\/div>\n<\/header>\n<p><!-- \/wp:heading --><\/p><\/div>\n\t\t\t\t<\/div>\n\t\t\t\t<\/div>\n\t\t\t\t\t\t<\/div>\n\t\t\t\t\t<\/div>\n\t\t<\/div>\n\t\t\t\t\t\t\t\t<\/div>\n\t\t\t\t\t<\/div>\n\t\t<\/section>\n\t\t\t\t\t\t<\/div>\n\t\t\t\t\t\t<\/div>\n\t\t\t\t\t<\/div>","protected":false},"excerpt":{"rendered":"<p>&nbsp; Splo\u0161ni pogoji spletne trgovine Her-O Her-O je spletna trgovina, specializirana za prodajo unikatnih, ro\u010dno izdelanih kerami\u010dnih kipcev. Vsi dizajni, poimenovanja in slike so last ustanoviteljic trgovine. 1. Splo\u0161ni pogoji Kupci spletne trgovine Her-O so lahko fizi\u010dne in pravne osebe. Fizi\u010dna oseba je tista, ki izdelke pridobiva ali uporablja izklju\u010dno za svojo lastno uporabo, izven <\/p>","protected":false},"author":1,"featured_media":0,"parent":0,"menu_order":0,"comment_status":"closed","ping_status":"closed","template":"","meta":[],"_links":{"self":[{"href":"https:\/\/her-o.si\/en\/wp-json\/wp\/v2\/pages\/3"}],"collection":[{"href":"https:\/\/her-o.si\/en\/wp-json\/wp\/v2\/pages"}],"about":[{"href":"https:\/\/her-o.si\/en\/wp-json\/wp\/v2\/types\/page"}],"author":[{"embeddable":true,"href":"https:\/\/her-o.si\/en\/wp-json\/wp\/v2\/users\/1"}],"replies":[{"embeddable":true,"href":"https:\/\/her-o.si\/en\/wp-json\/wp\/v2\/comments?post=3"}],"version-history":[{"count":16,"href":"https:\/\/her-o.si\/en\/wp-json\/wp\/v2\/pages\/3\/revisions"}],"predecessor-version":[{"id":2738,"href":"https:\/\/her-o.si\/en\/wp-json\/wp\/v2\/pages\/3\/revisions\/2738"}],"wp:attachment":[{"href":"https:\/\/her-o.si\/en\/wp-json\/wp\/v2\/media?parent=3"}],"curies":[{"name":"wp","href":"https:\/\/api.w.org\/{rel}","templated":true}]}}