{"id":2528,"date":"2021-08-09T18:00:02","date_gmt":"2021-08-09T18:00:02","guid":{"rendered":"https:\/\/her-o.si\/?post_type=product&#038;p=2528"},"modified":"2023-09-14T11:03:18","modified_gmt":"2023-09-14T11:03:18","slug":"morning-glory-blue-set","status":"publish","type":"product","link":"https:\/\/her-o.si\/en\/product\/morning-glory-blue-set\/","title":{"rendered":"Morning Glory Blue Set"},"content":{"rendered":"","protected":false},"excerpt":{"rendered":"<p>Na\u0161 novi poletni Morning Glory Blue Set vsebuje vse, kar potrebujete za popoln za\u010detek dneva.<\/p>\n<p>Set zdru\u017euje \u010dudovito kerami\u010dno \u0161al\u010dko in falus, oboje v ne\u017eni plavi barvi.<\/p>\n<p>A handmade cup glazed with a gentle white glaze is perfect for your first morning coffee or tea. Complete with a blue phallus, they are a recipe for a winning day!<\/p>","protected":false},"featured_media":2513,"comment_status":"open","ping_status":"closed","template":"","meta":[],"_links":{"self":[{"href":"https:\/\/her-o.si\/en\/wp-json\/wp\/v2\/product\/2528"}],"collection":[{"href":"https:\/\/her-o.si\/en\/wp-json\/wp\/v2\/product"}],"about":[{"href":"https:\/\/her-o.si\/en\/wp-json\/wp\/v2\/types\/product"}],"replies":[{"embeddable":true,"href":"https:\/\/her-o.si\/en\/wp-json\/wp\/v2\/comments?post=2528"}],"version-history":[{"count":1,"href":"https:\/\/her-o.si\/en\/wp-json\/wp\/v2\/product\/2528\/revisions"}],"predecessor-version":[{"id":2529,"href":"https:\/\/her-o.si\/en\/wp-json\/wp\/v2\/product\/2528\/revisions\/2529"}],"wp:featuredmedia":[{"embeddable":true,"href":"https:\/\/her-o.si\/en\/wp-json\/wp\/v2\/media\/2513"}],"wp:attachment":[{"href":"https:\/\/her-o.si\/en\/wp-json\/wp\/v2\/media?parent=2528"}],"curies":[{"name":"wp","href":"https:\/\/api.w.org\/{rel}","templated":true}]}}