{"id":2532,"date":"2021-08-09T18:03:33","date_gmt":"2021-08-09T18:03:33","guid":{"rendered":"https:\/\/her-o.si\/?post_type=product&#038;p=2532"},"modified":"2024-09-28T14:04:34","modified_gmt":"2024-09-28T14:04:34","slug":"morning-glory-pink-set","status":"publish","type":"product","link":"https:\/\/her-o.si\/en\/product\/morning-glory-pink-set\/","title":{"rendered":"Morning Glory Pink Set"},"content":{"rendered":"","protected":false},"excerpt":{"rendered":"<p>Na\u0161 novi poletni Morning Glory Pink Set vsebuje vse, kar potrebujete za popoln za\u010detek dneva.<\/p>\n<p>Set zdru\u017euje \u010dudovito kerami\u010dno \u0161al\u010dko in falus, oboje v ne\u017eni ro\u017enati barvi.<\/p>\n<p>Ro\u010dno izdelana \u0161al\u010dka, glazirana z ne\u017eno ro\u017enato glazuro je kot nala\u0161\u010d za prvo jutranjo kavico ali \u010daj. V kompletu s ro\u017enatim falusom pa sta recept za zmagovalni dan!<\/p>","protected":false},"featured_media":2515,"comment_status":"open","ping_status":"closed","template":"","meta":[],"_links":{"self":[{"href":"https:\/\/her-o.si\/en\/wp-json\/wp\/v2\/product\/2532"}],"collection":[{"href":"https:\/\/her-o.si\/en\/wp-json\/wp\/v2\/product"}],"about":[{"href":"https:\/\/her-o.si\/en\/wp-json\/wp\/v2\/types\/product"}],"replies":[{"embeddable":true,"href":"https:\/\/her-o.si\/en\/wp-json\/wp\/v2\/comments?post=2532"}],"version-history":[{"count":1,"href":"https:\/\/her-o.si\/en\/wp-json\/wp\/v2\/product\/2532\/revisions"}],"predecessor-version":[{"id":2533,"href":"https:\/\/her-o.si\/en\/wp-json\/wp\/v2\/product\/2532\/revisions\/2533"}],"wp:featuredmedia":[{"embeddable":true,"href":"https:\/\/her-o.si\/en\/wp-json\/wp\/v2\/media\/2515"}],"wp:attachment":[{"href":"https:\/\/her-o.si\/en\/wp-json\/wp\/v2\/media?parent=2532"}],"curies":[{"name":"wp","href":"https:\/\/api.w.org\/{rel}","templated":true}]}}