{"id":1138,"date":"2020-11-07T18:37:12","date_gmt":"2020-11-07T18:37:12","guid":{"rendered":"https:\/\/her-o.si\/?post_type=product&#038;p=1138"},"modified":"2024-09-28T14:04:40","modified_gmt":"2024-09-28T14:04:40","slug":"svarog","status":"publish","type":"product","link":"https:\/\/her-o.si\/si\/product\/svarog\/","title":{"rendered":"Svarog"},"content":{"rendered":"","protected":false},"excerpt":{"rendered":"<div class=\"\" data-block=\"true\" data-editor=\"7h683\" data-offset-key=\"d32rk-0-0\">\n<div class=\"_1mf _1mj\" data-offset-key=\"d32rk-0-0\"><span data-offset-key=\"d32rk-0-0\">Svarog je pogansko bo\u017eanstvo neba, sonca in ognja. \u0160e danes se beseda svarog povezuje s pridevnikom &#8221; sijo\u010de&#8221;. <\/span><\/div>\n<\/div>\n<div class=\"\" data-block=\"true\" data-editor=\"7h683\" data-offset-key=\"7vnlf-0-0\">\n<div class=\"_1mf _1mj\" data-offset-key=\"7vnlf-0-0\"><span data-offset-key=\"7vnlf-0-0\">Tudi unikatni kerami\u010dni falus Svarog sije v svojem marmornatem lesku. Na voljo je v treh velikostih, elegantno pakiran.<\/span><\/div>\n<div data-offset-key=\"7vnlf-0-0\">\n<div dir=\"auto\"><\/div>\n<div dir=\"auto\">\u010cas je, da ponosno postavimo heroje na polico!<\/div>\n<div dir=\"auto\"><\/div>\n<div dir=\"auto\">Vsi kipci so unikatno ro\u010dno delo, estetsko dovr\u0161eni in glazirani z jedilnimi barvami.<\/div>\n<\/div>\n<\/div>\n","protected":false},"featured_media":1415,"comment_status":"open","ping_status":"closed","template":"","meta":[],"_links":{"self":[{"href":"https:\/\/her-o.si\/si\/wp-json\/wp\/v2\/product\/1138"}],"collection":[{"href":"https:\/\/her-o.si\/si\/wp-json\/wp\/v2\/product"}],"about":[{"href":"https:\/\/her-o.si\/si\/wp-json\/wp\/v2\/types\/product"}],"replies":[{"embeddable":true,"href":"https:\/\/her-o.si\/si\/wp-json\/wp\/v2\/comments?post=1138"}],"version-history":[{"count":2,"href":"https:\/\/her-o.si\/si\/wp-json\/wp\/v2\/product\/1138\/revisions"}],"predecessor-version":[{"id":1373,"href":"https:\/\/her-o.si\/si\/wp-json\/wp\/v2\/product\/1138\/revisions\/1373"}],"wp:featuredmedia":[{"embeddable":true,"href":"https:\/\/her-o.si\/si\/wp-json\/wp\/v2\/media\/1415"}],"wp:attachment":[{"href":"https:\/\/her-o.si\/si\/wp-json\/wp\/v2\/media?parent=1138"}],"curies":[{"name":"wp","href":"https:\/\/api.w.org\/{rel}","templated":true}]}}