{"id":1143,"date":"2020-11-07T18:37:36","date_gmt":"2020-11-07T18:37:36","guid":{"rendered":"https:\/\/her-o.si\/?post_type=product&#038;p=1143"},"modified":"2024-09-28T14:04:42","modified_gmt":"2024-09-28T14:04:42","slug":"perun","status":"publish","type":"product","link":"https:\/\/her-o.si\/si\/product\/perun\/","title":{"rendered":"Perun"},"content":{"rendered":"","protected":false},"excerpt":{"rendered":"<div class=\"o9v6fnle cxmmr5t8 oygrvhab hcukyx3x c1et5uql ii04i59q\">\n<div dir=\"auto\">\n<div class=\"elementor-element elementor-element-eed320c elementor-widget elementor-widget-text-editor\" data-id=\"eed320c\" data-element_type=\"widget\" data-widget_type=\"text-editor.default\">\n<div class=\"elementor-widget-container\">\n<div class=\"elementor-text-editor elementor-clearfix\">\n<p>V slovanski mitologiji najvi\u0161ji bog. Bog groma in strele, de\u017eja, priseg in plodnosti. Je bog nasprotij, ki je ne\u017een, vendar odlo\u010den. Mo\u010dan a hkrati krhek.<\/p>\n<\/div>\n<\/div>\n<\/div>\n<div class=\"elementor-element elementor-element-1a342da elementor-widget elementor-widget-spacer\" data-id=\"1a342da\" data-element_type=\"widget\" data-widget_type=\"spacer.default\">\n<div class=\"elementor-widget-container\">\n<div class=\"elementor-spacer\">Na voljo je v treh velikostih, elegantno pakiran.<\/div>\n<\/div>\n<\/div>\n<\/div>\n<\/div>\n<div dir=\"auto\">\n<div data-offset-key=\"7vnlf-0-0\">\n<div dir=\"auto\"><\/div>\n<div dir=\"auto\">\u010cas je, da ponosno postavimo heroje na polico!<\/div>\n<div dir=\"auto\"><\/div>\n<div dir=\"auto\">Vsi kipci so unikatno ro\u010dno delo, estetsko dovr\u0161eni in glazirani z jedilnimi barvami.<\/div>\n<\/div>\n<\/div>\n","protected":false},"featured_media":1386,"comment_status":"open","ping_status":"closed","template":"","meta":[],"_links":{"self":[{"href":"https:\/\/her-o.si\/si\/wp-json\/wp\/v2\/product\/1143"}],"collection":[{"href":"https:\/\/her-o.si\/si\/wp-json\/wp\/v2\/product"}],"about":[{"href":"https:\/\/her-o.si\/si\/wp-json\/wp\/v2\/types\/product"}],"replies":[{"embeddable":true,"href":"https:\/\/her-o.si\/si\/wp-json\/wp\/v2\/comments?post=1143"}],"version-history":[{"count":3,"href":"https:\/\/her-o.si\/si\/wp-json\/wp\/v2\/product\/1143\/revisions"}],"predecessor-version":[{"id":2507,"href":"https:\/\/her-o.si\/si\/wp-json\/wp\/v2\/product\/1143\/revisions\/2507"}],"wp:featuredmedia":[{"embeddable":true,"href":"https:\/\/her-o.si\/si\/wp-json\/wp\/v2\/media\/1386"}],"wp:attachment":[{"href":"https:\/\/her-o.si\/si\/wp-json\/wp\/v2\/media?parent=1143"}],"curies":[{"name":"wp","href":"https:\/\/api.w.org\/{rel}","templated":true}]}}