{"id":1315,"date":"2020-11-08T18:43:48","date_gmt":"2020-11-08T18:43:48","guid":{"rendered":"https:\/\/her-o.si\/?post_type=product&#038;p=1315"},"modified":"2023-09-14T11:02:20","modified_gmt":"2023-09-14T11:02:20","slug":"threesome-from-heaven","status":"publish","type":"product","link":"https:\/\/her-o.si\/si\/product\/threesome-from-heaven\/","title":{"rendered":"Threesome from heaven"},"content":{"rendered":"","protected":false},"excerpt":{"rendered":"<div class=\"o9v6fnle cxmmr5t8 oygrvhab hcukyx3x c1et5uql ii04i59q\">\n<div dir=\"auto\">\n<div class=\"elementor-element elementor-element-1a342da elementor-widget elementor-widget-spacer\" data-id=\"1a342da\" data-element_type=\"widget\" data-widget_type=\"spacer.default\">\n<div class=\"elementor-widget-container\">\n<div>Najbolj vznemirljivi tris je tu. Troj\u010dek unikatnih kerami\u010dnih falusov vsebuje:<\/div>\n<div><\/div>\n<div>&#8211; poljubno barvo v velikosti S<\/div>\n<div>&#8211; poljubno barvo v velikosti M<\/div>\n<div>&#8211; poljubno barvo v velikosti L<\/div>\n<div><\/div>\n<div class=\"elementor-spacer\">Odli\u010dna ideja za darilo ali kot dekoracija v prostoru.<\/div>\n<\/div>\n<\/div>\n<\/div>\n<\/div>\n<div dir=\"auto\">\n<div data-offset-key=\"7vnlf-0-0\">\n<div dir=\"auto\"><\/div>\n<div dir=\"auto\">\u010cas je, da ponosno postavimo heroje na polico!<\/div>\n<div dir=\"auto\"><\/div>\n<div dir=\"auto\">Vsi kipci so unikatno ro\u010dno delo, estetsko dovr\u0161eni in glazirani z jedilnimi barvami.<\/div>\n<\/div>\n<div dir=\"auto\">Pri naro\u010dilu nam v opombi zapi\u0161ite, kak\u0161no kombinacijo si \u017eelite.<\/div>\n<\/div>\n","protected":false},"featured_media":1521,"comment_status":"open","ping_status":"closed","template":"","meta":[],"_links":{"self":[{"href":"https:\/\/her-o.si\/si\/wp-json\/wp\/v2\/product\/1315"}],"collection":[{"href":"https:\/\/her-o.si\/si\/wp-json\/wp\/v2\/product"}],"about":[{"href":"https:\/\/her-o.si\/si\/wp-json\/wp\/v2\/types\/product"}],"replies":[{"embeddable":true,"href":"https:\/\/her-o.si\/si\/wp-json\/wp\/v2\/comments?post=1315"}],"version-history":[{"count":4,"href":"https:\/\/her-o.si\/si\/wp-json\/wp\/v2\/product\/1315\/revisions"}],"predecessor-version":[{"id":1523,"href":"https:\/\/her-o.si\/si\/wp-json\/wp\/v2\/product\/1315\/revisions\/1523"}],"wp:featuredmedia":[{"embeddable":true,"href":"https:\/\/her-o.si\/si\/wp-json\/wp\/v2\/media\/1521"}],"wp:attachment":[{"href":"https:\/\/her-o.si\/si\/wp-json\/wp\/v2\/media?parent=1315"}],"curies":[{"name":"wp","href":"https:\/\/api.w.org\/{rel}","templated":true}]}}