{"id":2530,"date":"2021-08-09T18:01:48","date_gmt":"2021-08-09T18:01:48","guid":{"rendered":"https:\/\/her-o.si\/?post_type=product&#038;p=2530"},"modified":"2025-04-12T12:12:42","modified_gmt":"2025-04-12T12:12:42","slug":"morning-glory-white-set","status":"publish","type":"product","link":"https:\/\/her-o.si\/si\/product\/morning-glory-white-set\/","title":{"rendered":"Morning Glory White Set"},"content":{"rendered":"","protected":false},"excerpt":{"rendered":"<p>Na\u0161 novi poletni Morning Glory White Set vsebuje vse, kar potrebujete za popoln za\u010detek dneva.<\/p>\n<p>Set zdru\u017euje \u010dudovito kerami\u010dno \u0161al\u010dko in falus, oboje v ne\u017eni beli barvi.<\/p>\n<p>Ro\u010dno izdelana \u0161al\u010dka, glazirana z ne\u017eno belo glazuro je kot nala\u0161\u010d za prvo jutranjo kavico ali \u010daj. V kompletu z belim falusom pa sta recept za zmagovalni dan!<\/p>\n","protected":false},"featured_media":2514,"comment_status":"open","ping_status":"closed","template":"","meta":[],"_links":{"self":[{"href":"https:\/\/her-o.si\/si\/wp-json\/wp\/v2\/product\/2530"}],"collection":[{"href":"https:\/\/her-o.si\/si\/wp-json\/wp\/v2\/product"}],"about":[{"href":"https:\/\/her-o.si\/si\/wp-json\/wp\/v2\/types\/product"}],"replies":[{"embeddable":true,"href":"https:\/\/her-o.si\/si\/wp-json\/wp\/v2\/comments?post=2530"}],"version-history":[{"count":2,"href":"https:\/\/her-o.si\/si\/wp-json\/wp\/v2\/product\/2530\/revisions"}],"predecessor-version":[{"id":2534,"href":"https:\/\/her-o.si\/si\/wp-json\/wp\/v2\/product\/2530\/revisions\/2534"}],"wp:featuredmedia":[{"embeddable":true,"href":"https:\/\/her-o.si\/si\/wp-json\/wp\/v2\/media\/2514"}],"wp:attachment":[{"href":"https:\/\/her-o.si\/si\/wp-json\/wp\/v2\/media?parent=2530"}],"curies":[{"name":"wp","href":"https:\/\/api.w.org\/{rel}","templated":true}]}}