{"id":935,"date":"2020-10-20T17:21:41","date_gmt":"2020-10-20T17:21:41","guid":{"rendered":"https:\/\/her-o.si\/?post_type=product&#038;p=935"},"modified":"2024-11-09T13:50:18","modified_gmt":"2024-11-09T13:50:18","slug":"veles","status":"publish","type":"product","link":"https:\/\/her-o.si\/si\/product\/veles\/","title":{"rendered":"Veles"},"content":{"rendered":"","protected":false},"excerpt":{"rendered":"<div dir=\"auto\">\n<div dir=\"auto\">Unikatni kerami\u010dni falus poimenovan po poganskem bogu Velesu.<\/div>\n<p>\u010ceprav znan kot bog podzemlja, Velesa povezujemo tudi z bogastvom, poezijo ter \u010darovni\u0161tvom.<\/p>\n<\/div>\n<div dir=\"auto\">In prav tak je kerami\u010dni kipec Veles; poeti\u010den in \u010daroben, vendar \u010dvrst v svoji dr\u017ei. Na voljo je v treh velikostih, elegantno pakiran.<\/div>\n<div dir=\"auto\">\u010cas je, da ponosno postavimo heroje na polico!<\/div>\n<div dir=\"auto\"><\/div>\n<div dir=\"auto\">Vsi kipci so unikatno ro\u010dno delo, estetsko dovr\u0161eni in glazirani z jedilnimi barvami.<\/div>\n","protected":false},"featured_media":1414,"comment_status":"open","ping_status":"closed","template":"","meta":[],"_links":{"self":[{"href":"https:\/\/her-o.si\/si\/wp-json\/wp\/v2\/product\/935"}],"collection":[{"href":"https:\/\/her-o.si\/si\/wp-json\/wp\/v2\/product"}],"about":[{"href":"https:\/\/her-o.si\/si\/wp-json\/wp\/v2\/types\/product"}],"replies":[{"embeddable":true,"href":"https:\/\/her-o.si\/si\/wp-json\/wp\/v2\/comments?post=935"}],"version-history":[{"count":6,"href":"https:\/\/her-o.si\/si\/wp-json\/wp\/v2\/product\/935\/revisions"}],"predecessor-version":[{"id":1370,"href":"https:\/\/her-o.si\/si\/wp-json\/wp\/v2\/product\/935\/revisions\/1370"}],"wp:featuredmedia":[{"embeddable":true,"href":"https:\/\/her-o.si\/si\/wp-json\/wp\/v2\/media\/1414"}],"wp:attachment":[{"href":"https:\/\/her-o.si\/si\/wp-json\/wp\/v2\/media?parent=935"}],"curies":[{"name":"wp","href":"https:\/\/api.w.org\/{rel}","templated":true}]}}